{"id":772,"date":"2020-09-24T07:43:37","date_gmt":"2020-09-24T07:43:37","guid":{"rendered":"https:\/\/www.susanaurbanointeriors.com\/rechtliche-angaben-zu-diesem-internetauftritt\/"},"modified":"2023-12-18T16:30:08","modified_gmt":"2023-12-18T16:30:08","slug":"rechtliche-angaben-zu-diesem-internetauftritt","status":"publish","type":"page","link":"https:\/\/www.susanaurbanointeriors.com\/de\/rechtliche-angaben-zu-diesem-internetauftritt\/","title":{"rendered":"Rechtliche Angaben zu diesem Internetauftritt"},"content":{"rendered":"<p>[et_pb_section fb_built=&#8220;1&#8243; _builder_version=&#8220;4.6.3&#8243; _module_preset=&#8220;default&#8220;][et_pb_row _builder_version=&#8220;4.6.3&#8243; _module_preset=&#8220;default&#8220;][et_pb_column type=&#8220;4_4&#8243; _builder_version=&#8220;4.6.3&#8243; _module_preset=&#8220;default&#8220;][et_pb_text _builder_version=&#8220;4.6.3&#8243; _module_preset=&#8220;default&#8220;]<\/p>\n<div class=\"row sqs-row\">\n<div class=\"col sqs-col-12 span-12\">\n<div id=\"block-2df7f396f2a63ed0c078\" class=\"sqs-block html-block sqs-block-html\" data-block-type=\"2\">\n<div class=\"sqs-block-content\">\n<h2 id=\"yui_3_10_1_1_1396835484479_14727\">Rechtliche Angaben zu diesem Internetauftritt<\/h2>\n<\/div>\n<\/div>\n<\/div>\n<\/div>\n<p>[\/et_pb_text][et_pb_text _builder_version=&#8220;4.6.3&#8243; _module_preset=&#8220;default&#8220; text_font_size=&#8220;17px&#8220; text_line_height=&#8220;1.6em&#8220; link_font=&#8220;||||on||||&#8220; header_2_font=&#8220;|300|||||||&#8220; header_2_font_size=&#8220;25px&#8220; header_2_line_height=&#8220;1.5em&#8220; header_3_font=&#8220;|300|||||||&#8220; header_3_font_size=&#8220;21px&#8220; header_3_line_height=&#8220;1.4em&#8220;]<\/p>\n<p>Anschrift:<br \/>Susana Urbano<br \/>Interior Design<br \/>Schillerstr. 14<br \/>61350 Bad Homburg<\/p>\n<p>Kommunikation:<br \/>Tel.: + 49 (0) 6172 89 84 029<br \/>Mobil: + 49 (0) 174 311 59 41<\/p>\n<p>Weitere Informationen:<br \/>Steuernummer: 038 773 1037<br \/>IHK Nr. Id. : 433784<\/p>\n<p>Internet: www.urbanointeriors.com <br \/>E-Mail: susana@urbanointeriors.com<\/p>\n<p>Inhaber und verantwortlich f\u00fcr die Inhalte: <br \/>Susana Veit-Urbano, geborene Susana Urbano<\/p>\n<h2>Haftungsausschluss<\/h2>\n<h2>Inhalte<\/h2>\n<p>Der Inhalt dieser Seiten wurde sorgf\u00e4ltig ausgearbeitet und gepr\u00fcft. Der Autor \u00fcbernimmt keinerlei Gew\u00e4hr f\u00fcr die Aktualit\u00e4t, Richtigkeit, Vollst\u00e4ndigkeit oder Qualit\u00e4t der bereitgestellten Informationen. Haftungsanspr\u00fcche gegen den Autor, welche sich auf Sch\u00e4den materieller oder ideeller Art beziehen, die durch die Nutzung oder Nichtnutzung der dargebotenen Informationen verursacht wurden, sind grunds\u00e4tzlich ausgeschlossen, sofern seitens Autor kein nachweislich vors\u00e4tzliches oder grob fahrl\u00e4ssiges Verhalten vorliegt. Der Autor beh\u00e4lt sich das Recht vor, Teile der Seiten oder das gesamte Angebot ohne Ank\u00fcndigung zu ver\u00e4ndern oder zu l\u00f6schen.<\/p>\n<h2>Verweise \/ Links<\/h2>\n<p>Bei direkten oder indirekten Verweisen auf fremde Internetseiten (&#8222;Links&#8220;) haftet der Autor nur, wenn er von den Inhalten genaue Kenntnis besitzt und es ihm technisch m\u00f6glich und zumutbar w\u00e4re, die Nutzung im Falle rechtswidriger Inhalte zu verhindern. Der Autor erkl\u00e4rt daher ausdr\u00fccklich, dass die verkn\u00fcpften Seiten zum Zeitpunkt der Linksetzung frei von illegalen Inhalten waren. Der Autor besitzt keinerlei Einfluss auf die aktuelle und zuk\u00fcnftige Gestaltung und auf die Inhalte dieser Seiten. Daher distanziert sich der Autor von allen Inhalten aller verkn\u00fcpften Seiten, auf denen nach der Linksetzung \u00c4nderungen vorgenommen wurden. Dies gilt sowohl f\u00fcr alle innerhalb des eigenen Internetangebotes gesetzten Links und Verweise. Der Autor haftet weder f\u00fcr illegale, unvollst\u00e4ndige oder fehlerhafte Inhalte noch f\u00fcr Sch\u00e4den, die aus der Nutzung oder Nichtnutzung der gelinkten Seiten entstehen. Einzig der Anbieter der Seiten, auf die verwiesen wurde, ist f\u00fcr derartige Sch\u00e4den verantwortlich.<\/p>\n<h2>Urheber- und Kennzeichenrecht<\/h2>\n<p>Der Autor ist bestrebt, in allen Publikationen die Urheberrechte der verwendeten Objekte (Grafiken, Texte, Sound- und Videosequenzen) zu beachten. Alle innerhalb des Internetangebots genannten und gegebenenfalls durch Dritte gesch\u00fctzten Marken- und Warenzeichen unterliegen uneingeschr\u00e4nkt den Bestimmungen des jeweils g\u00fcltigen Kennzeichenrechts und den Besitzrechten der jeweiligen eingetragenen Eigent\u00fcmer. Allein aufgrund der blo\u00dfen Nennung ist nicht der Schluss zu ziehen, dass Markenzeichen nicht durch Rechte Dritter gesch\u00fctzt sind. Das Urheber- und Kennzeichenrecht f\u00fcr vom Autor selbst erstellte Objekte stehen dem Autor ausschlie\u00dflich selbst zu. Eine Vervielf\u00e4ltigung solcher Grafiken, Sounds oder Texte in anderen elektronischen oder gedruckten Publikationen ist ohne ausdr\u00fcckliche Zustimmung vom Autor nicht gestattet.<\/p>\n<h2>Rechtswirksamkeit<\/h2>\n<p>Dieser Haftungsausschluss ist als Teil des Internetangebotes zu betrachten, von dem aus auf diese Seite verwiesen wurde. Sollten Teile oder einzelne Formulierungen dieses Textes der geltenden Rechtslage nicht, nicht mehr oder nicht vollst\u00e4ndig entsprechen, sind die \u00fcbrigen Teile des Dokumentes in ihrem Inhalt und ihrer G\u00fcltigkeit hiervon nicht betroffen.<\/p>\n<p>[\/et_pb_text][\/et_pb_column][\/et_pb_row][\/et_pb_section]<\/p>\n","protected":false},"excerpt":{"rendered":"<p>Rechtliche Angaben zu diesem Internetauftritt Anschrift:Susana UrbanoInterior DesignSchillerstr. 1461350 Bad Homburg Kommunikation:Tel.: + 49 (0) 6172 89 84 029Mobil: + 49 (0) 174 311 59 41 Weitere Informationen:Steuernummer: 038 773 1037IHK Nr. Id. : 433784 Internet: www.urbanointeriors.com E-Mail: susana@urbanointeriors.com Inhaber und verantwortlich f\u00fcr die Inhalte: Susana Veit-Urbano, geborene Susana Urbano Haftungsausschluss Inhalte Der Inhalt dieser [&hellip;]<\/p>\n","protected":false},"author":1,"featured_media":0,"parent":0,"menu_order":0,"comment_status":"closed","ping_status":"closed","template":"","meta":{"_et_pb_use_builder":"on","_et_pb_old_content":"","_et_gb_content_width":"","inline_featured_image":false,"footnotes":""},"class_list":["post-772","page","type-page","status-publish","hentry"],"yoast_head":"<!-- This site is optimized with the Yoast SEO plugin v27.0 - https:\/\/yoast.com\/product\/yoast-seo-wordpress\/ -->\n<title>Rechtliche Angaben zu diesem Internetauftritt - Susana Urbano Interiors<\/title>\n<meta name=\"robots\" content=\"noindex, follow\" \/>\n<meta property=\"og:locale\" content=\"de_DE\" \/>\n<meta property=\"og:type\" content=\"article\" \/>\n<meta property=\"og:title\" content=\"Rechtliche Angaben zu diesem Internetauftritt - Susana Urbano Interiors\" \/>\n<meta property=\"og:description\" content=\"Rechtliche Angaben zu diesem Internetauftritt Anschrift:Susana UrbanoInterior DesignSchillerstr. 1461350 Bad Homburg Kommunikation:Tel.: + 49 (0) 6172 89 84 029Mobil: + 49 (0) 174 311 59 41 Weitere Informationen:Steuernummer: 038 773 1037IHK Nr. Id. : 433784 Internet: www.urbanointeriors.com E-Mail: susana@urbanointeriors.com Inhaber und verantwortlich f\u00fcr die Inhalte: Susana Veit-Urbano, geborene Susana Urbano Haftungsausschluss Inhalte Der Inhalt dieser [&hellip;]\" \/>\n<meta property=\"og:url\" content=\"https:\/\/www.susanaurbanointeriors.com\/de\/rechtliche-angaben-zu-diesem-internetauftritt\/\" \/>\n<meta property=\"og:site_name\" content=\"Susana Urbano Interiors\" \/>\n<meta property=\"article:modified_time\" content=\"2023-12-18T16:30:08+00:00\" \/>\n<meta name=\"twitter:card\" content=\"summary_large_image\" \/>\n<meta name=\"twitter:label1\" content=\"Gesch\u00e4tzte Lesezeit\" \/>\n\t<meta name=\"twitter:data1\" content=\"3\u00a0Minuten\" \/>\n<script type=\"application\/ld+json\" class=\"yoast-schema-graph\">{\"@context\":\"https:\/\/schema.org\",\"@graph\":[{\"@type\":\"WebPage\",\"@id\":\"https:\/\/www.susanaurbanointeriors.com\/de\/rechtliche-angaben-zu-diesem-internetauftritt\/\",\"url\":\"https:\/\/www.susanaurbanointeriors.com\/de\/rechtliche-angaben-zu-diesem-internetauftritt\/\",\"name\":\"Rechtliche Angaben zu diesem Internetauftritt - Susana Urbano Interiors\",\"isPartOf\":{\"@id\":\"https:\/\/www.susanaurbanointeriors.com\/de\/#website\"},\"datePublished\":\"2020-09-24T07:43:37+00:00\",\"dateModified\":\"2023-12-18T16:30:08+00:00\",\"breadcrumb\":{\"@id\":\"https:\/\/www.susanaurbanointeriors.com\/de\/rechtliche-angaben-zu-diesem-internetauftritt\/#breadcrumb\"},\"inLanguage\":\"de\",\"potentialAction\":[{\"@type\":\"ReadAction\",\"target\":[\"https:\/\/www.susanaurbanointeriors.com\/de\/rechtliche-angaben-zu-diesem-internetauftritt\/\"]}]},{\"@type\":\"BreadcrumbList\",\"@id\":\"https:\/\/www.susanaurbanointeriors.com\/de\/rechtliche-angaben-zu-diesem-internetauftritt\/#breadcrumb\",\"itemListElement\":[{\"@type\":\"ListItem\",\"position\":1,\"name\":\"Portada\",\"item\":\"https:\/\/www.susanaurbanointeriors.com\/de\/\"},{\"@type\":\"ListItem\",\"position\":2,\"name\":\"Rechtliche Angaben zu diesem Internetauftritt\"}]},{\"@type\":\"WebSite\",\"@id\":\"https:\/\/www.susanaurbanointeriors.com\/de\/#website\",\"url\":\"https:\/\/www.susanaurbanointeriors.com\/de\/\",\"name\":\"Susana Urbano Interiors\",\"description\":\"\",\"publisher\":{\"@id\":\"https:\/\/www.susanaurbanointeriors.com\/de\/#organization\"},\"potentialAction\":[{\"@type\":\"SearchAction\",\"target\":{\"@type\":\"EntryPoint\",\"urlTemplate\":\"https:\/\/www.susanaurbanointeriors.com\/de\/?s={search_term_string}\"},\"query-input\":{\"@type\":\"PropertyValueSpecification\",\"valueRequired\":true,\"valueName\":\"search_term_string\"}}],\"inLanguage\":\"de\"},{\"@type\":\"Organization\",\"@id\":\"https:\/\/www.susanaurbanointeriors.com\/de\/#organization\",\"name\":\"Susana Urbano Interior Design\",\"url\":\"https:\/\/www.susanaurbanointeriors.com\/de\/\",\"logo\":{\"@type\":\"ImageObject\",\"inLanguage\":\"de\",\"@id\":\"https:\/\/www.susanaurbanointeriors.com\/de\/#\/schema\/logo\/image\/\",\"url\":\"https:\/\/www.susanaurbanointeriors.com\/wp-content\/uploads\/2020\/09\/Grupo-2668.png\",\"contentUrl\":\"https:\/\/www.susanaurbanointeriors.com\/wp-content\/uploads\/2020\/09\/Grupo-2668.png\",\"width\":3826,\"height\":949,\"caption\":\"Susana Urbano Interior Design\"},\"image\":{\"@id\":\"https:\/\/www.susanaurbanointeriors.com\/de\/#\/schema\/logo\/image\/\"}}]}<\/script>\n<!-- \/ Yoast SEO plugin. -->","yoast_head_json":{"title":"Rechtliche Angaben zu diesem Internetauftritt - Susana Urbano Interiors","robots":{"index":"noindex","follow":"follow"},"og_locale":"de_DE","og_type":"article","og_title":"Rechtliche Angaben zu diesem Internetauftritt - Susana Urbano Interiors","og_description":"Rechtliche Angaben zu diesem Internetauftritt Anschrift:Susana UrbanoInterior DesignSchillerstr. 1461350 Bad Homburg Kommunikation:Tel.: + 49 (0) 6172 89 84 029Mobil: + 49 (0) 174 311 59 41 Weitere Informationen:Steuernummer: 038 773 1037IHK Nr. Id. : 433784 Internet: www.urbanointeriors.com E-Mail: susana@urbanointeriors.com Inhaber und verantwortlich f\u00fcr die Inhalte: Susana Veit-Urbano, geborene Susana Urbano Haftungsausschluss Inhalte Der Inhalt dieser [&hellip;]","og_url":"https:\/\/www.susanaurbanointeriors.com\/de\/rechtliche-angaben-zu-diesem-internetauftritt\/","og_site_name":"Susana Urbano Interiors","article_modified_time":"2023-12-18T16:30:08+00:00","twitter_card":"summary_large_image","twitter_misc":{"Gesch\u00e4tzte Lesezeit":"3\u00a0Minuten"},"schema":{"@context":"https:\/\/schema.org","@graph":[{"@type":"WebPage","@id":"https:\/\/www.susanaurbanointeriors.com\/de\/rechtliche-angaben-zu-diesem-internetauftritt\/","url":"https:\/\/www.susanaurbanointeriors.com\/de\/rechtliche-angaben-zu-diesem-internetauftritt\/","name":"Rechtliche Angaben zu diesem Internetauftritt - Susana Urbano Interiors","isPartOf":{"@id":"https:\/\/www.susanaurbanointeriors.com\/de\/#website"},"datePublished":"2020-09-24T07:43:37+00:00","dateModified":"2023-12-18T16:30:08+00:00","breadcrumb":{"@id":"https:\/\/www.susanaurbanointeriors.com\/de\/rechtliche-angaben-zu-diesem-internetauftritt\/#breadcrumb"},"inLanguage":"de","potentialAction":[{"@type":"ReadAction","target":["https:\/\/www.susanaurbanointeriors.com\/de\/rechtliche-angaben-zu-diesem-internetauftritt\/"]}]},{"@type":"BreadcrumbList","@id":"https:\/\/www.susanaurbanointeriors.com\/de\/rechtliche-angaben-zu-diesem-internetauftritt\/#breadcrumb","itemListElement":[{"@type":"ListItem","position":1,"name":"Portada","item":"https:\/\/www.susanaurbanointeriors.com\/de\/"},{"@type":"ListItem","position":2,"name":"Rechtliche Angaben zu diesem Internetauftritt"}]},{"@type":"WebSite","@id":"https:\/\/www.susanaurbanointeriors.com\/de\/#website","url":"https:\/\/www.susanaurbanointeriors.com\/de\/","name":"Susana Urbano Interiors","description":"","publisher":{"@id":"https:\/\/www.susanaurbanointeriors.com\/de\/#organization"},"potentialAction":[{"@type":"SearchAction","target":{"@type":"EntryPoint","urlTemplate":"https:\/\/www.susanaurbanointeriors.com\/de\/?s={search_term_string}"},"query-input":{"@type":"PropertyValueSpecification","valueRequired":true,"valueName":"search_term_string"}}],"inLanguage":"de"},{"@type":"Organization","@id":"https:\/\/www.susanaurbanointeriors.com\/de\/#organization","name":"Susana Urbano Interior Design","url":"https:\/\/www.susanaurbanointeriors.com\/de\/","logo":{"@type":"ImageObject","inLanguage":"de","@id":"https:\/\/www.susanaurbanointeriors.com\/de\/#\/schema\/logo\/image\/","url":"https:\/\/www.susanaurbanointeriors.com\/wp-content\/uploads\/2020\/09\/Grupo-2668.png","contentUrl":"https:\/\/www.susanaurbanointeriors.com\/wp-content\/uploads\/2020\/09\/Grupo-2668.png","width":3826,"height":949,"caption":"Susana Urbano Interior Design"},"image":{"@id":"https:\/\/www.susanaurbanointeriors.com\/de\/#\/schema\/logo\/image\/"}}]}},"_links":{"self":[{"href":"https:\/\/www.susanaurbanointeriors.com\/de\/wp-json\/wp\/v2\/pages\/772","targetHints":{"allow":["GET"]}}],"collection":[{"href":"https:\/\/www.susanaurbanointeriors.com\/de\/wp-json\/wp\/v2\/pages"}],"about":[{"href":"https:\/\/www.susanaurbanointeriors.com\/de\/wp-json\/wp\/v2\/types\/page"}],"author":[{"embeddable":true,"href":"https:\/\/www.susanaurbanointeriors.com\/de\/wp-json\/wp\/v2\/users\/1"}],"replies":[{"embeddable":true,"href":"https:\/\/www.susanaurbanointeriors.com\/de\/wp-json\/wp\/v2\/comments?post=772"}],"version-history":[{"count":4,"href":"https:\/\/www.susanaurbanointeriors.com\/de\/wp-json\/wp\/v2\/pages\/772\/revisions"}],"predecessor-version":[{"id":8184,"href":"https:\/\/www.susanaurbanointeriors.com\/de\/wp-json\/wp\/v2\/pages\/772\/revisions\/8184"}],"wp:attachment":[{"href":"https:\/\/www.susanaurbanointeriors.com\/de\/wp-json\/wp\/v2\/media?parent=772"}],"curies":[{"name":"wp","href":"https:\/\/api.w.org\/{rel}","templated":true}]}}