{"id":776,"date":"2020-09-24T07:59:33","date_gmt":"2020-09-24T07:59:33","guid":{"rendered":"https:\/\/www.susanaurbanointeriors.com\/?page_id=776"},"modified":"2023-12-18T16:31:04","modified_gmt":"2023-12-18T16:31:04","slug":"cookie-richtlinie","status":"publish","type":"page","link":"https:\/\/www.susanaurbanointeriors.com\/de\/cookie-richtlinie\/","title":{"rendered":"Cookie-Richtlinie"},"content":{"rendered":"<p>[et_pb_section fb_built=&#8220;1&#8243; _builder_version=&#8220;4.6.3&#8243; _module_preset=&#8220;default&#8220;][et_pb_row _builder_version=&#8220;4.6.3&#8243; _module_preset=&#8220;default&#8220;][et_pb_column type=&#8220;4_4&#8243; _builder_version=&#8220;4.6.3&#8243; _module_preset=&#8220;default&#8220;][et_pb_text _builder_version=&#8220;4.6.3&#8243; _module_preset=&#8220;default&#8220;]<\/p>\n<div class=\"et_pb_module et_pb_text et_pb_text_26  et_pb_text_align_left et_pb_bg_layout_light\">\n<div class=\"et_pb_text_inner\">\n<h1>Cookie-Richtlinie<\/h1>\n<\/div>\n<\/div>\n<p>[\/et_pb_text][et_pb_text _builder_version=&#8220;4.6.3&#8243; _module_preset=&#8220;default&#8220; text_font_size=&#8220;17px&#8220;]<\/p>\n<p>Ein Cookie ist eine Datei, die auf Ihren Computer heruntergeladen wird, wenn Sie auf bestimmte Webseiten zugreifen. Cookies erm\u00f6glichen es Webseiten unter anderem, Informationen \u00fcber die Surfgewohnheiten eines Benutzers oder seiner Ger\u00e4te zu speichern und abzurufen. Abh\u00e4ngig von den darin enthaltenen Informationen und der Art und Weise, wie sie ihre Ger\u00e4te verwenden, k\u00f6nnen sie zur Erkennung verwendet werden an den Benutzer<\/p>\n<p>&#8211; Technische Cookies: Hierbei handelt es sich um Cookies, mit denen der Benutzer durch eine Webseite, Plattform oder Anwendung navigieren und die verschiedenen darin vorhandenen Optionen oder Dienste verwenden kann, z. B. die Steuerung des Datenverkehrs und der Datenkommunikation sowie die Identifizierung die Sitzung, greifen Sie auf Teile des eingeschr\u00e4nkten Zugriffs zu, merken Sie sich die Elemente, aus denen eine Bestellung besteht, f\u00fchren Sie den Kaufvorgang durch, stellen Sie die Registrierung oder Teilnahme an einer Veranstaltung, verwenden Sie Sicherheitselemente w\u00e4hrend der Navigation, speichern Sie Inhalte f\u00fcr die Ausstrahlung von Videos oder Ton oder Weitergabe von Inhalten \u00fcber soziale Netzwerke.<\/p>\n<p>&#8211; Personalisierungs-Cookies: Dies sind diejenigen, die es dem Benutzer erm\u00f6glichen, auf den Dienst mit einigen vordefinierten allgemeinen Merkmalen zuzugreifen, die auf einer Reihe von Kriterien im Terminal des Benutzers basieren, z. B. der Sprache und dem Browsertyp, \u00fcber den er auf den Dienst zugreift Dienst, das Gebietsschema, von dem aus Sie auf den Dienst zugreifen, usw.<\/p>\n<p>&#8211; Analyse-Cookies: Mit diesen Cookies kann die f\u00fcr sie verantwortliche Person das Verhalten der Benutzer der Websites, auf die sie verlinkt sind, \u00fcberwachen und analysieren. Die durch diese Art von Cookies gesammelten Informationen werden verwendet, um die Aktivit\u00e4t der Websites, Anwendungen oder Plattformen zu messen und Navigationsprofile der Benutzer dieser Websites, Anwendungen und Plattformen zu erstellen, um Verbesserungen in einzuf\u00fchren basierend auf der Analyse der Nutzungsdaten der Benutzer des Dienstes.<\/p>\n<p>&#8211; Verhaltens-Werbe-Cookies: Hierbei handelt es sich um Cookies, die Informationen \u00fcber das Verhalten von Benutzern speichern, die durch die kontinuierliche Beobachtung ihrer Surfgewohnheiten erhalten wurden. Dadurch kann ein bestimmtes Profil entwickelt werden, um darauf basierende Werbung anzuzeigen.<\/p>\n<p>Gem\u00e4\u00df den Bestimmungen von Artikel 22.2 des Gesetzes 34\/2002 vom 11. Juli \u00fcber Dienste der Informationsgesellschaft und des elektronischen Handels (LSSI-CE) informiert SUSANA URBANO INTERIORS \u00fcber die auf unserer Website verwendeten Cookies:<\/p>\n<p>[\/et_pb_text][et_pb_text _builder_version=&#8220;4.6.3&#8243; _module_preset=&#8220;default&#8220; hover_enabled=&#8220;0&#8243; custom_css_main_element_last_edited=&#8220;on|tablet&#8220; sticky_enabled=&#8220;0&#8243; custom_css_main_element_tablet=&#8220;display: block;||overflow-x: auto;||white-space: nowrap;&#8220;]<\/p>\n<table border=\"1\">\n<tbody>\n<tr>\n<td>COOKIE<\/td>\n<td>ART VON COOKIE<\/td>\n<td>DAUER<\/td>\n<td>BESCHREIBUNG<\/td>\n<\/tr>\n<tr>\n<td>viewed_cookie_policy<\/td>\n<td>Technik<\/td>\n<td>1 Jahr<\/td>\n<td>Anzeigen der Cookie-Richtlinien der Website<\/td>\n<\/tr>\n<tr>\n<td>cookielawinfo-checkbox-necessary<\/td>\n<td>Technik<\/td>\n<td>1 Jahr<\/td>\n<td>Registriert den Status der Standardschaltfl\u00e4che der entsprechenden Kategorie. Es funktioniert nur in Abstimmung mit dem prim\u00e4ren Cookie.<\/td>\n<\/tr>\n<tr>\n<td>cookielawinfo-checkbox-non-necessary<\/td>\n<td>Technik<\/td>\n<td>1 Jahr<\/td>\n<td>Registriert den Status der Standardschaltfl\u00e4che der entsprechenden Kategorie. Es funktioniert nur in Abstimmung mit dem prim\u00e4ren Cookie.<\/td>\n<\/tr>\n<tr>\n<td>_ga<\/td>\n<td>Analyse<\/td>\n<td>2 Jahre<\/td>\n<td>Registriert eine eindeutige Identifikation, mit der statistische Daten dar\u00fcber generiert werden, wie der Besucher die Website nutzt.<\/td>\n<\/tr>\n<tr>\n<td>_gat_gtag_property-id<\/td>\n<td>Analyse<\/td>\n<td>1 Minute<\/td>\n<td>Wird von Google Analytics zur Steuerung der Anforderungsrate verwendet<\/td>\n<\/tr>\n<tr>\n<td>_gid<\/td>\n<td>An\u00e1lisis<\/td>\n<td>24 Stunden<\/td>\n<td>Registriert eine eindeutige Identifikation, mit der statistische Daten dar\u00fcber generiert werden, wie der Besucher die Website nutzt.<\/td>\n<\/tr>\n<tr>\n<td>wp-wpml_current_language<\/td>\n<td>Technik<\/td>\n<td>24 Stunden<\/td>\n<td>Speichern Sie die Spracheinstellungen<\/td>\n<\/tr>\n<tr>\n<td>\u00a0<\/td>\n<td>\u00a0<\/td>\n<td>\u00a0<\/td>\n<td>\u00a0<\/td>\n<\/tr>\n<tr>\n<td>\u00a0<\/td>\n<td>\u00a0<\/td>\n<td>\u00a0<\/td>\n<td>\u00a0<\/td>\n<\/tr>\n<\/tbody>\n<\/table>\n<p>[\/et_pb_text][et_pb_text _builder_version=&#8220;4.6.3&#8243; _module_preset=&#8220;default&#8220;][\/et_pb_text][et_pb_text _builder_version=&#8220;4.6.3&#8243; _module_preset=&#8220;default&#8220; text_font_size=&#8220;17px&#8220;]<\/p>\n<div class=\"et_pb_module et_pb_text et_pb_text_28  et_pb_text_align_left et_pb_bg_layout_light\">\n<div class=\"et_pb_text_inner\">\n<p><strong>SO BLOCKIEREN ODER L\u00d6SCHEN SIE COOKIES, DIE AUF IHREM GER\u00c4T INSTALLIERT SIND<\/strong><\/p>\n<p>Ebenso informiert SUSANA URBANO INTERIORS den Benutzer dar\u00fcber, dass er die M\u00f6glichkeit hat, seinen Browser so zu konfigurieren, dass er \u00fcber den Empfang von Cookies informiert wird, und kann auf Wunsch verhindern, dass diese auf seiner Festplatte installiert werden.<\/p>\n<p>Nachfolgend stellen wir Ihnen die Links verschiedener Browser zur Verf\u00fcgung, \u00fcber die Sie die Konfiguration vornehmen k\u00f6nnen:<\/p>\n<ul>\n<li>So verwalten Sie Cookies in <a href=\"http:\/\/support.google.com\/chrome\/bin\/answer.py?hl=es&amp;answer=95647\" target=\"_blank\" rel=\"noopener noreferrer\">Google Chrome\u00a0<\/a><\/li>\n<li>So verwalten Sie Cookies in <a href=\"http:\/\/windows.microsoft.com\/es-xl\/internet-explorer\/delete-manage-cookies%23ie=ie-10\" target=\"_blank\" rel=\"noopener noreferrer\">Microsoft Internet Explorer <\/a><\/li>\n<li>So verwalten Sie Cookies in <a href=\"http:\/\/support.mozilla.org\/es\/kb\/Habilitar%20y%20deshabilitar%20cookies?s=cookie&amp;r=1&amp;e=es&amp;as=s7\" target=\"_blank\" rel=\"noopener noreferrer\">Mozilla FireFox <\/a><\/li>\n<li>So verwalten Sie Cookies in <a href=\"https:\/\/support.apple.com\/es-es\/guide\/safari\/sfri11471\/mac\" target=\"_blank\" rel=\"noopener noreferrer\">Apple Safari <\/a><\/li>\n<\/ul>\n<\/div>\n<\/div>\n<p>[\/et_pb_text][\/et_pb_column][\/et_pb_row][\/et_pb_section]<\/p>\n","protected":false},"excerpt":{"rendered":"<p>Cookie-Richtlinie Ein Cookie ist eine Datei, die auf Ihren Computer heruntergeladen wird, wenn Sie auf bestimmte Webseiten zugreifen. Cookies erm\u00f6glichen es Webseiten unter anderem, Informationen \u00fcber die Surfgewohnheiten eines Benutzers oder seiner Ger\u00e4te zu speichern und abzurufen. Abh\u00e4ngig von den darin enthaltenen Informationen und der Art und Weise, wie sie ihre Ger\u00e4te verwenden, k\u00f6nnen sie [&hellip;]<\/p>\n","protected":false},"author":1,"featured_media":0,"parent":0,"menu_order":0,"comment_status":"closed","ping_status":"closed","template":"","meta":{"_et_pb_use_builder":"on","_et_pb_old_content":"","_et_gb_content_width":"","inline_featured_image":false,"footnotes":""},"class_list":["post-776","page","type-page","status-publish","hentry"],"yoast_head":"<!-- This site is optimized with the Yoast SEO plugin v27.0 - https:\/\/yoast.com\/product\/yoast-seo-wordpress\/ -->\n<title>Cookie-Richtlinie - Susana Urbano Interiors<\/title>\n<meta name=\"robots\" content=\"noindex, follow\" \/>\n<meta property=\"og:locale\" content=\"de_DE\" \/>\n<meta property=\"og:type\" content=\"article\" \/>\n<meta property=\"og:title\" content=\"Cookie-Richtlinie - Susana Urbano Interiors\" \/>\n<meta property=\"og:description\" content=\"Cookie-Richtlinie Ein Cookie ist eine Datei, die auf Ihren Computer heruntergeladen wird, wenn Sie auf bestimmte Webseiten zugreifen. Cookies erm\u00f6glichen es Webseiten unter anderem, Informationen \u00fcber die Surfgewohnheiten eines Benutzers oder seiner Ger\u00e4te zu speichern und abzurufen. Abh\u00e4ngig von den darin enthaltenen Informationen und der Art und Weise, wie sie ihre Ger\u00e4te verwenden, k\u00f6nnen sie [&hellip;]\" \/>\n<meta property=\"og:url\" content=\"https:\/\/www.susanaurbanointeriors.com\/de\/cookie-richtlinie\/\" \/>\n<meta property=\"og:site_name\" content=\"Susana Urbano Interiors\" \/>\n<meta property=\"article:modified_time\" content=\"2023-12-18T16:31:04+00:00\" \/>\n<meta name=\"twitter:card\" content=\"summary_large_image\" \/>\n<meta name=\"twitter:label1\" content=\"Gesch\u00e4tzte Lesezeit\" \/>\n\t<meta name=\"twitter:data1\" content=\"4\u00a0Minuten\" \/>\n<script type=\"application\/ld+json\" class=\"yoast-schema-graph\">{\"@context\":\"https:\/\/schema.org\",\"@graph\":[{\"@type\":\"WebPage\",\"@id\":\"https:\/\/www.susanaurbanointeriors.com\/de\/cookie-richtlinie\/\",\"url\":\"https:\/\/www.susanaurbanointeriors.com\/de\/cookie-richtlinie\/\",\"name\":\"Cookie-Richtlinie - Susana Urbano Interiors\",\"isPartOf\":{\"@id\":\"https:\/\/www.susanaurbanointeriors.com\/de\/#website\"},\"datePublished\":\"2020-09-24T07:59:33+00:00\",\"dateModified\":\"2023-12-18T16:31:04+00:00\",\"breadcrumb\":{\"@id\":\"https:\/\/www.susanaurbanointeriors.com\/de\/cookie-richtlinie\/#breadcrumb\"},\"inLanguage\":\"de\",\"potentialAction\":[{\"@type\":\"ReadAction\",\"target\":[\"https:\/\/www.susanaurbanointeriors.com\/de\/cookie-richtlinie\/\"]}]},{\"@type\":\"BreadcrumbList\",\"@id\":\"https:\/\/www.susanaurbanointeriors.com\/de\/cookie-richtlinie\/#breadcrumb\",\"itemListElement\":[{\"@type\":\"ListItem\",\"position\":1,\"name\":\"Portada\",\"item\":\"https:\/\/www.susanaurbanointeriors.com\/de\/\"},{\"@type\":\"ListItem\",\"position\":2,\"name\":\"Cookie-Richtlinie\"}]},{\"@type\":\"WebSite\",\"@id\":\"https:\/\/www.susanaurbanointeriors.com\/de\/#website\",\"url\":\"https:\/\/www.susanaurbanointeriors.com\/de\/\",\"name\":\"Susana Urbano Interiors\",\"description\":\"\",\"publisher\":{\"@id\":\"https:\/\/www.susanaurbanointeriors.com\/de\/#organization\"},\"potentialAction\":[{\"@type\":\"SearchAction\",\"target\":{\"@type\":\"EntryPoint\",\"urlTemplate\":\"https:\/\/www.susanaurbanointeriors.com\/de\/?s={search_term_string}\"},\"query-input\":{\"@type\":\"PropertyValueSpecification\",\"valueRequired\":true,\"valueName\":\"search_term_string\"}}],\"inLanguage\":\"de\"},{\"@type\":\"Organization\",\"@id\":\"https:\/\/www.susanaurbanointeriors.com\/de\/#organization\",\"name\":\"Susana Urbano Interior Design\",\"url\":\"https:\/\/www.susanaurbanointeriors.com\/de\/\",\"logo\":{\"@type\":\"ImageObject\",\"inLanguage\":\"de\",\"@id\":\"https:\/\/www.susanaurbanointeriors.com\/de\/#\/schema\/logo\/image\/\",\"url\":\"https:\/\/www.susanaurbanointeriors.com\/wp-content\/uploads\/2020\/09\/Grupo-2668.png\",\"contentUrl\":\"https:\/\/www.susanaurbanointeriors.com\/wp-content\/uploads\/2020\/09\/Grupo-2668.png\",\"width\":3826,\"height\":949,\"caption\":\"Susana Urbano Interior Design\"},\"image\":{\"@id\":\"https:\/\/www.susanaurbanointeriors.com\/de\/#\/schema\/logo\/image\/\"}}]}<\/script>\n<!-- \/ Yoast SEO plugin. -->","yoast_head_json":{"title":"Cookie-Richtlinie - Susana Urbano Interiors","robots":{"index":"noindex","follow":"follow"},"og_locale":"de_DE","og_type":"article","og_title":"Cookie-Richtlinie - Susana Urbano Interiors","og_description":"Cookie-Richtlinie Ein Cookie ist eine Datei, die auf Ihren Computer heruntergeladen wird, wenn Sie auf bestimmte Webseiten zugreifen. Cookies erm\u00f6glichen es Webseiten unter anderem, Informationen \u00fcber die Surfgewohnheiten eines Benutzers oder seiner Ger\u00e4te zu speichern und abzurufen. Abh\u00e4ngig von den darin enthaltenen Informationen und der Art und Weise, wie sie ihre Ger\u00e4te verwenden, k\u00f6nnen sie [&hellip;]","og_url":"https:\/\/www.susanaurbanointeriors.com\/de\/cookie-richtlinie\/","og_site_name":"Susana Urbano Interiors","article_modified_time":"2023-12-18T16:31:04+00:00","twitter_card":"summary_large_image","twitter_misc":{"Gesch\u00e4tzte Lesezeit":"4\u00a0Minuten"},"schema":{"@context":"https:\/\/schema.org","@graph":[{"@type":"WebPage","@id":"https:\/\/www.susanaurbanointeriors.com\/de\/cookie-richtlinie\/","url":"https:\/\/www.susanaurbanointeriors.com\/de\/cookie-richtlinie\/","name":"Cookie-Richtlinie - Susana Urbano Interiors","isPartOf":{"@id":"https:\/\/www.susanaurbanointeriors.com\/de\/#website"},"datePublished":"2020-09-24T07:59:33+00:00","dateModified":"2023-12-18T16:31:04+00:00","breadcrumb":{"@id":"https:\/\/www.susanaurbanointeriors.com\/de\/cookie-richtlinie\/#breadcrumb"},"inLanguage":"de","potentialAction":[{"@type":"ReadAction","target":["https:\/\/www.susanaurbanointeriors.com\/de\/cookie-richtlinie\/"]}]},{"@type":"BreadcrumbList","@id":"https:\/\/www.susanaurbanointeriors.com\/de\/cookie-richtlinie\/#breadcrumb","itemListElement":[{"@type":"ListItem","position":1,"name":"Portada","item":"https:\/\/www.susanaurbanointeriors.com\/de\/"},{"@type":"ListItem","position":2,"name":"Cookie-Richtlinie"}]},{"@type":"WebSite","@id":"https:\/\/www.susanaurbanointeriors.com\/de\/#website","url":"https:\/\/www.susanaurbanointeriors.com\/de\/","name":"Susana Urbano Interiors","description":"","publisher":{"@id":"https:\/\/www.susanaurbanointeriors.com\/de\/#organization"},"potentialAction":[{"@type":"SearchAction","target":{"@type":"EntryPoint","urlTemplate":"https:\/\/www.susanaurbanointeriors.com\/de\/?s={search_term_string}"},"query-input":{"@type":"PropertyValueSpecification","valueRequired":true,"valueName":"search_term_string"}}],"inLanguage":"de"},{"@type":"Organization","@id":"https:\/\/www.susanaurbanointeriors.com\/de\/#organization","name":"Susana Urbano Interior Design","url":"https:\/\/www.susanaurbanointeriors.com\/de\/","logo":{"@type":"ImageObject","inLanguage":"de","@id":"https:\/\/www.susanaurbanointeriors.com\/de\/#\/schema\/logo\/image\/","url":"https:\/\/www.susanaurbanointeriors.com\/wp-content\/uploads\/2020\/09\/Grupo-2668.png","contentUrl":"https:\/\/www.susanaurbanointeriors.com\/wp-content\/uploads\/2020\/09\/Grupo-2668.png","width":3826,"height":949,"caption":"Susana Urbano Interior Design"},"image":{"@id":"https:\/\/www.susanaurbanointeriors.com\/de\/#\/schema\/logo\/image\/"}}]}},"_links":{"self":[{"href":"https:\/\/www.susanaurbanointeriors.com\/de\/wp-json\/wp\/v2\/pages\/776","targetHints":{"allow":["GET"]}}],"collection":[{"href":"https:\/\/www.susanaurbanointeriors.com\/de\/wp-json\/wp\/v2\/pages"}],"about":[{"href":"https:\/\/www.susanaurbanointeriors.com\/de\/wp-json\/wp\/v2\/types\/page"}],"author":[{"embeddable":true,"href":"https:\/\/www.susanaurbanointeriors.com\/de\/wp-json\/wp\/v2\/users\/1"}],"replies":[{"embeddable":true,"href":"https:\/\/www.susanaurbanointeriors.com\/de\/wp-json\/wp\/v2\/comments?post=776"}],"version-history":[{"count":8,"href":"https:\/\/www.susanaurbanointeriors.com\/de\/wp-json\/wp\/v2\/pages\/776\/revisions"}],"predecessor-version":[{"id":8188,"href":"https:\/\/www.susanaurbanointeriors.com\/de\/wp-json\/wp\/v2\/pages\/776\/revisions\/8188"}],"wp:attachment":[{"href":"https:\/\/www.susanaurbanointeriors.com\/de\/wp-json\/wp\/v2\/media?parent=776"}],"curies":[{"name":"wp","href":"https:\/\/api.w.org\/{rel}","templated":true}]}}