{"id":779,"date":"2020-09-24T08:21:04","date_gmt":"2020-09-24T08:21:04","guid":{"rendered":"https:\/\/www.susanaurbanointeriors.com\/?page_id=779"},"modified":"2023-12-18T16:26:54","modified_gmt":"2023-12-18T16:26:54","slug":"cookies-policy","status":"publish","type":"page","link":"https:\/\/www.susanaurbanointeriors.com\/en\/cookies-policy\/","title":{"rendered":"Cookies policy"},"content":{"rendered":"<p>[et_pb_section fb_built=&#8221;1&#8243; _builder_version=&#8221;4.6.3&#8243; _module_preset=&#8221;default&#8221;][et_pb_row _builder_version=&#8221;4.6.3&#8243; _module_preset=&#8221;default&#8221;][et_pb_column type=&#8221;4_4&#8243; _builder_version=&#8221;4.6.3&#8243; _module_preset=&#8221;default&#8221;][et_pb_text _builder_version=&#8221;4.6.3&#8243; _module_preset=&#8221;default&#8221;]<\/p>\n<div class=\"et_pb_module et_pb_text et_pb_text_26  et_pb_text_align_left et_pb_bg_layout_light\">\n<div class=\"et_pb_text_inner\">\n<h1>Cookies policy<\/h1>\n<\/div>\n<\/div>\n<p>[\/et_pb_text][et_pb_text _builder_version=&#8221;4.6.3&#8243; _module_preset=&#8221;default&#8221; text_font_size=&#8221;17px&#8221;]<\/p>\n<p>A cookie is a file that is downloaded to your computer when you access certain web pages. Cookies allow web pages, among other things, to store and retrieve information about the browsing habits of a user or their equipment and, depending on the information they contain and the way they use their equipment, they can be used to recognize to user<\/p>\n<p>[\/et_pb_text][et_pb_text _builder_version=&#8221;4.6.3&#8243; _module_preset=&#8221;default&#8221; hover_enabled=&#8221;0&#8243; custom_css_main_element_last_edited=&#8221;on|tablet&#8221; sticky_enabled=&#8221;0&#8243; custom_css_main_element_tablet=&#8221;display: block;||overflow-x: auto;||white-space: nowrap;&#8221;]<\/p>\n<table border=\"1\">\n<tbody>\n<tr>\n<td>COOKIE<\/td>\n<td>TYPE<\/td>\n<td>DURACI\u00d3N<\/td>\n<td>DESCRIPTION<\/td>\n<\/tr>\n<tr>\n<td>viewed_cookie_policy<\/td>\n<td>Technique<\/td>\n<td>1 year<\/td>\n<td>Viewing the website&#8217;s cookie policy<\/td>\n<\/tr>\n<tr>\n<td>cookielawinfo-checkbox-necessary<\/td>\n<td>Technique<\/td>\n<td>1 year<\/td>\n<td>Registers the status of the default button of the corresponding category. It works only in coordination with the primary cookie.<\/td>\n<\/tr>\n<tr>\n<td>cookielawinfo-checkbox-non-necessary<\/td>\n<td>Technique<\/td>\n<td>1 year<\/td>\n<td>Registers the status of the default button of the corresponding category. It works only in coordination with the primary cookie.<\/td>\n<\/tr>\n<tr>\n<td>_ga<\/td>\n<td>Analysis<\/td>\n<td>2 years<\/td>\n<td>Registra una identificaci\u00f3n \u00fanica que se utiliza para generar datos estad\u00edsticos acerca de c\u00f3mo utiliza el visitante el sitio web.<\/td>\n<\/tr>\n<tr>\n<td>_gat_gtag_property-id<\/td>\n<td>Analysis<\/td>\n<td>1 minute<\/td>\n<td>Registers a unique identification that is used to generate statistical data about how the visitor uses the website.<\/td>\n<\/tr>\n<tr>\n<td>_gid<\/td>\n<td>Analysis<\/td>\n<td>24 hours<\/td>\n<td>Registers a unique identification that is used to generate statistical data about how the visitor uses the website.<\/td>\n<\/tr>\n<tr>\n<td>wp-wpml_current_language<\/td>\n<td>Technique<\/td>\n<td>24 hours<\/td>\n<td>Save language settings<\/td>\n<\/tr>\n<tr>\n<td>\u00a0<\/td>\n<td>\u00a0<\/td>\n<td>\u00a0<\/td>\n<td>\u00a0<\/td>\n<\/tr>\n<tr>\n<td>\u00a0<\/td>\n<td>\u00a0<\/td>\n<td>\u00a0<\/td>\n<td>\u00a0<\/td>\n<\/tr>\n<\/tbody>\n<\/table>\n<p>[\/et_pb_text][et_pb_text _builder_version=&#8221;4.6.3&#8243; _module_preset=&#8221;default&#8221;][\/et_pb_text][et_pb_text _builder_version=&#8221;4.6.3&#8243; _module_preset=&#8221;default&#8221; text_font_size=&#8221;17px&#8221;]<\/p>\n<div class=\"et_pb_module et_pb_text et_pb_text_28  et_pb_text_align_left et_pb_bg_layout_light\">\n<div class=\"et_pb_text_inner\">\n<p>HOW TO BLOCK OR DELETE COOKIES INSTALLED ON YOUR EQUIPMENT<\/p>\n<p>Likewise, SUSANA URBANO INTERIORS informs the user that they have the possibility of configuring their browser so that they are informed of the receipt of cookies, being able, if they wish, to prevent them from being installed on their hard drive.<\/p>\n<p>Below we provide you with the links of various browsers, through which you can make said configuration:<\/p>\n<ul>\n<li>How to manage cookies in <a href=\"http:\/\/support.google.com\/chrome\/bin\/answer.py?hl=es&amp;answer=95647\" target=\"_blank\" rel=\"noopener noreferrer\">Google Chrome\u00a0<\/a><\/li>\n<li>How to manage cookies in <a href=\"http:\/\/windows.microsoft.com\/es-xl\/internet-explorer\/delete-manage-cookies%23ie=ie-10\" target=\"_blank\" rel=\"noopener noreferrer\">Microsoft Internet Explorer <\/a><\/li>\n<li>How to manage cookies in <a href=\"http:\/\/support.mozilla.org\/es\/kb\/Habilitar%20y%20deshabilitar%20cookies?s=cookie&amp;r=1&amp;e=es&amp;as=s7\" target=\"_blank\" rel=\"noopener noreferrer\">Mozilla FireFox <\/a><\/li>\n<li>How to manage cookies in <a href=\"https:\/\/support.apple.com\/es-es\/guide\/safari\/sfri11471\/mac\" target=\"_blank\" rel=\"noopener noreferrer\">Apple Safari <\/a><\/li>\n<\/ul>\n<\/div>\n<\/div>\n<p>[\/et_pb_text][\/et_pb_column][\/et_pb_row][\/et_pb_section]<\/p>\n","protected":false},"excerpt":{"rendered":"<p>Cookies policy A cookie is a file that is downloaded to your computer when you access certain web pages. Cookies allow web pages, among other things, to store and retrieve information about the browsing habits of a user or their equipment and, depending on the information they contain and the way they use their equipment, [&hellip;]<\/p>\n","protected":false},"author":1,"featured_media":0,"parent":0,"menu_order":0,"comment_status":"closed","ping_status":"closed","template":"","meta":{"_et_pb_use_builder":"on","_et_pb_old_content":"","_et_gb_content_width":"","inline_featured_image":false,"footnotes":""},"class_list":["post-779","page","type-page","status-publish","hentry"],"yoast_head":"<!-- This site is optimized with the Yoast SEO plugin v27.0 - https:\/\/yoast.com\/product\/yoast-seo-wordpress\/ -->\n<title>Cookies policy - Susana Urbano Interiors<\/title>\n<meta name=\"robots\" content=\"noindex, follow\" \/>\n<meta property=\"og:locale\" content=\"en_US\" \/>\n<meta property=\"og:type\" content=\"article\" \/>\n<meta property=\"og:title\" content=\"Cookies policy - Susana Urbano Interiors\" \/>\n<meta property=\"og:description\" content=\"Cookies policy A cookie is a file that is downloaded to your computer when you access certain web pages. Cookies allow web pages, among other things, to store and retrieve information about the browsing habits of a user or their equipment and, depending on the information they contain and the way they use their equipment, [&hellip;]\" \/>\n<meta property=\"og:url\" content=\"https:\/\/www.susanaurbanointeriors.com\/en\/cookies-policy\/\" \/>\n<meta property=\"og:site_name\" content=\"Susana Urbano Interiors\" \/>\n<meta property=\"article:modified_time\" content=\"2023-12-18T16:26:54+00:00\" \/>\n<meta name=\"twitter:card\" content=\"summary_large_image\" \/>\n<meta name=\"twitter:label1\" content=\"Est. reading time\" \/>\n\t<meta name=\"twitter:data1\" content=\"2 minutes\" \/>\n<script type=\"application\/ld+json\" class=\"yoast-schema-graph\">{\"@context\":\"https:\/\/schema.org\",\"@graph\":[{\"@type\":\"WebPage\",\"@id\":\"https:\/\/www.susanaurbanointeriors.com\/en\/cookies-policy\/\",\"url\":\"https:\/\/www.susanaurbanointeriors.com\/en\/cookies-policy\/\",\"name\":\"Cookies policy - Susana Urbano Interiors\",\"isPartOf\":{\"@id\":\"https:\/\/www.susanaurbanointeriors.com\/en\/#website\"},\"datePublished\":\"2020-09-24T08:21:04+00:00\",\"dateModified\":\"2023-12-18T16:26:54+00:00\",\"breadcrumb\":{\"@id\":\"https:\/\/www.susanaurbanointeriors.com\/en\/cookies-policy\/#breadcrumb\"},\"inLanguage\":\"en-US\",\"potentialAction\":[{\"@type\":\"ReadAction\",\"target\":[\"https:\/\/www.susanaurbanointeriors.com\/en\/cookies-policy\/\"]}]},{\"@type\":\"BreadcrumbList\",\"@id\":\"https:\/\/www.susanaurbanointeriors.com\/en\/cookies-policy\/#breadcrumb\",\"itemListElement\":[{\"@type\":\"ListItem\",\"position\":1,\"name\":\"Portada\",\"item\":\"https:\/\/www.susanaurbanointeriors.com\/en\/\"},{\"@type\":\"ListItem\",\"position\":2,\"name\":\"Cookies policy\"}]},{\"@type\":\"WebSite\",\"@id\":\"https:\/\/www.susanaurbanointeriors.com\/en\/#website\",\"url\":\"https:\/\/www.susanaurbanointeriors.com\/en\/\",\"name\":\"Susana Urbano Interiors\",\"description\":\"\",\"publisher\":{\"@id\":\"https:\/\/www.susanaurbanointeriors.com\/en\/#organization\"},\"potentialAction\":[{\"@type\":\"SearchAction\",\"target\":{\"@type\":\"EntryPoint\",\"urlTemplate\":\"https:\/\/www.susanaurbanointeriors.com\/en\/?s={search_term_string}\"},\"query-input\":{\"@type\":\"PropertyValueSpecification\",\"valueRequired\":true,\"valueName\":\"search_term_string\"}}],\"inLanguage\":\"en-US\"},{\"@type\":\"Organization\",\"@id\":\"https:\/\/www.susanaurbanointeriors.com\/en\/#organization\",\"name\":\"Susana Urbano Interior Design\",\"url\":\"https:\/\/www.susanaurbanointeriors.com\/en\/\",\"logo\":{\"@type\":\"ImageObject\",\"inLanguage\":\"en-US\",\"@id\":\"https:\/\/www.susanaurbanointeriors.com\/en\/#\/schema\/logo\/image\/\",\"url\":\"https:\/\/www.susanaurbanointeriors.com\/wp-content\/uploads\/2020\/09\/Grupo-2668.png\",\"contentUrl\":\"https:\/\/www.susanaurbanointeriors.com\/wp-content\/uploads\/2020\/09\/Grupo-2668.png\",\"width\":3826,\"height\":949,\"caption\":\"Susana Urbano Interior Design\"},\"image\":{\"@id\":\"https:\/\/www.susanaurbanointeriors.com\/en\/#\/schema\/logo\/image\/\"}}]}<\/script>\n<!-- \/ Yoast SEO plugin. -->","yoast_head_json":{"title":"Cookies policy - Susana Urbano Interiors","robots":{"index":"noindex","follow":"follow"},"og_locale":"en_US","og_type":"article","og_title":"Cookies policy - Susana Urbano Interiors","og_description":"Cookies policy A cookie is a file that is downloaded to your computer when you access certain web pages. Cookies allow web pages, among other things, to store and retrieve information about the browsing habits of a user or their equipment and, depending on the information they contain and the way they use their equipment, [&hellip;]","og_url":"https:\/\/www.susanaurbanointeriors.com\/en\/cookies-policy\/","og_site_name":"Susana Urbano Interiors","article_modified_time":"2023-12-18T16:26:54+00:00","twitter_card":"summary_large_image","twitter_misc":{"Est. reading time":"2 minutes"},"schema":{"@context":"https:\/\/schema.org","@graph":[{"@type":"WebPage","@id":"https:\/\/www.susanaurbanointeriors.com\/en\/cookies-policy\/","url":"https:\/\/www.susanaurbanointeriors.com\/en\/cookies-policy\/","name":"Cookies policy - Susana Urbano Interiors","isPartOf":{"@id":"https:\/\/www.susanaurbanointeriors.com\/en\/#website"},"datePublished":"2020-09-24T08:21:04+00:00","dateModified":"2023-12-18T16:26:54+00:00","breadcrumb":{"@id":"https:\/\/www.susanaurbanointeriors.com\/en\/cookies-policy\/#breadcrumb"},"inLanguage":"en-US","potentialAction":[{"@type":"ReadAction","target":["https:\/\/www.susanaurbanointeriors.com\/en\/cookies-policy\/"]}]},{"@type":"BreadcrumbList","@id":"https:\/\/www.susanaurbanointeriors.com\/en\/cookies-policy\/#breadcrumb","itemListElement":[{"@type":"ListItem","position":1,"name":"Portada","item":"https:\/\/www.susanaurbanointeriors.com\/en\/"},{"@type":"ListItem","position":2,"name":"Cookies policy"}]},{"@type":"WebSite","@id":"https:\/\/www.susanaurbanointeriors.com\/en\/#website","url":"https:\/\/www.susanaurbanointeriors.com\/en\/","name":"Susana Urbano Interiors","description":"","publisher":{"@id":"https:\/\/www.susanaurbanointeriors.com\/en\/#organization"},"potentialAction":[{"@type":"SearchAction","target":{"@type":"EntryPoint","urlTemplate":"https:\/\/www.susanaurbanointeriors.com\/en\/?s={search_term_string}"},"query-input":{"@type":"PropertyValueSpecification","valueRequired":true,"valueName":"search_term_string"}}],"inLanguage":"en-US"},{"@type":"Organization","@id":"https:\/\/www.susanaurbanointeriors.com\/en\/#organization","name":"Susana Urbano Interior Design","url":"https:\/\/www.susanaurbanointeriors.com\/en\/","logo":{"@type":"ImageObject","inLanguage":"en-US","@id":"https:\/\/www.susanaurbanointeriors.com\/en\/#\/schema\/logo\/image\/","url":"https:\/\/www.susanaurbanointeriors.com\/wp-content\/uploads\/2020\/09\/Grupo-2668.png","contentUrl":"https:\/\/www.susanaurbanointeriors.com\/wp-content\/uploads\/2020\/09\/Grupo-2668.png","width":3826,"height":949,"caption":"Susana Urbano Interior Design"},"image":{"@id":"https:\/\/www.susanaurbanointeriors.com\/en\/#\/schema\/logo\/image\/"}}]}},"_links":{"self":[{"href":"https:\/\/www.susanaurbanointeriors.com\/en\/wp-json\/wp\/v2\/pages\/779","targetHints":{"allow":["GET"]}}],"collection":[{"href":"https:\/\/www.susanaurbanointeriors.com\/en\/wp-json\/wp\/v2\/pages"}],"about":[{"href":"https:\/\/www.susanaurbanointeriors.com\/en\/wp-json\/wp\/v2\/types\/page"}],"author":[{"embeddable":true,"href":"https:\/\/www.susanaurbanointeriors.com\/en\/wp-json\/wp\/v2\/users\/1"}],"replies":[{"embeddable":true,"href":"https:\/\/www.susanaurbanointeriors.com\/en\/wp-json\/wp\/v2\/comments?post=779"}],"version-history":[{"count":6,"href":"https:\/\/www.susanaurbanointeriors.com\/en\/wp-json\/wp\/v2\/pages\/779\/revisions"}],"predecessor-version":[{"id":8173,"href":"https:\/\/www.susanaurbanointeriors.com\/en\/wp-json\/wp\/v2\/pages\/779\/revisions\/8173"}],"wp:attachment":[{"href":"https:\/\/www.susanaurbanointeriors.com\/en\/wp-json\/wp\/v2\/media?parent=779"}],"curies":[{"name":"wp","href":"https:\/\/api.w.org\/{rel}","templated":true}]}}